{"id":839,"date":"2013-11-26T04:10:02","date_gmt":"2013-11-26T04:10:02","guid":{"rendered":"http:\/\/wpexplorer-demos.com\/?page_id=839"},"modified":"2024-11-26T11:43:59","modified_gmt":"2024-11-26T09:43:59","slug":"home","status":"publish","type":"page","link":"https:\/\/jyvaskeskus.fi\/","title":{"rendered":"Etusivu"},"content":{"rendered":"[vc_row full_width=&#8221;stretch_row_content_no_spaces&#8221; wpex_bg_overlay=&#8221;dark&#8221; css=&#8221;.vc_custom_1664742775580{padding-top: 140px !important;padding-bottom: 110px !important;background-image: url(https:\/\/siirto.jyvaskeskus.fi\/wp-content\/uploads\/2022\/10\/284086301_599182837835041_434076087417581680_n.jpg?id=5148) !important;background-position: center !important;background-repeat: no-repeat !important;background-size: cover !important;}&#8221; wpex_bg_overlay_color=&#8221;#b71671&#8243; wpex_bg_position=&#8221;center&#8221; wpex_bg_overlay_opacity=&#8221;0.8&#8243;][vc_column]<div class=\"vcex-module vcex-heading wpex-text-2xl wpex-font-normal wpex-m-auto wpex-max-w-100 vcex-heading-plain wpex-block wpex-text-center etu-otsikko\" style=\"color:#ffffff;font-size:4em;\"><span class=\"vcex-heading-inner wpex-inline-block wpex-clr\">Tervetuloa <strong>kompassin kulmalle!<\/strong><\/span><\/div>[\/vc_column][\/vc_row][vc_row full_width=&#8221;stretch_row&#8221; bg_style=&#8221;stretch&#8221; css=&#8221;.vc_custom_1604257584281{border-top-width: 1px !important;border-bottom-width: 1px !important;padding-top: 60px !important;padding-bottom: 20px !important;background-color: #f5f5f5 !important;border-top-color: #f5f5f5 !important;border-top-style: solid !important;border-bottom-color: #f5f5f5 !important;border-bottom-style: solid !important;}&#8221; el_class=&#8221;etu-intro&#8221;][vc_column margin_bottom=&#8221;0px&#8221;][vc_column_text text_align=&#8221;center&#8221; font_weight=&#8221;200&#8243; color=&#8221;#333333&#8243; font_size=&#8221;2em&#8221;]\n<p style=\"text-align: center;\">Jyv\u00e4skeskus on kauppakeskus keskell\u00e4 Jyv\u00e4skyl\u00e4n ydinkeskustaa. Vilkkaan k\u00e4velykadun varrella sijaitseva Jyv\u00e4skeskus on enemm\u00e4n kuin perinteinen kauppakeskus. Jyv\u00e4skeskus on palvelukokonaisuus, josta l\u00f6yd\u00e4t monipuolisten liikkeiden lis\u00e4ksi elokuvateatterit, ravintolat sek\u00e4 erilaiset asiantuntijapalvelut. Viihtyis\u00e4ss\u00e4 milj\u00f6\u00f6ss\u00e4 nautit ostosten tekemisest\u00e4 ja vapaa-ajasta.<\/p>\n<p><strong>Sunnuntaisin parkkihalli on ilmainen Jyv\u00e4skeskuksen\u00a0 aukioloaikoina!<\/strong><\/p>\n[\/vc_column_text]<div class=\"vcex-spacing wpex-w-100 wpex-clear\" style=\"height:30px\"><\/div>[\/vc_column][\/vc_row][vc_row css=&#8221;.vc_custom_1604257262472{padding-top: 20px !important;}&#8221;][vc_column]<div class=\"vcex-spacing wpex-w-100 wpex-clear\" style=\"height:30px\"><\/div><h2 class=\"vcex-module vcex-heading wpex-text-2xl wpex-font-normal wpex-m-auto wpex-max-w-100 vcex-heading-plain wpex-block wpex-text-center vc_custom_1604257025603\" style=\"font-size:4em;font-weight:400;\"><span class=\"vcex-heading-inner wpex-inline-block wpex-clr\">Liikkeet, ravintolat ja palvelut<\/span><\/h2>[vc_column_text text_align=&#8221;center&#8221; font_weight=&#8221;300&#8243; color=&#8221;#444444&#8243; font_size=&#8221;18px&#8221; css=&#8221;.vc_custom_1664743711386{padding-bottom: 20px !important;}&#8221;]L\u00f6yd\u00e4t liikkeiden tarkemmat tiedot ja aukioloajat liikekohtaisilta sivuilta.[\/vc_column_text]<div class=\"vcex-module vcex-portfolio-grid-wrap wpex-clr\"><div class=\"wpex-row vcex-portfolio-grid wpex-clr entries\"><div class=\"portfolio-entry vcex-grid-item span_1_of_7 col col-1 post-5780 entry type-portfolio has-media cat-54\"><div class=\"portfolio-entry-inner entry-inner wpex-first-mt-0 wpex-last-mb-0 wpex-clr\"><div class=\"portfolio-entry-media entry-media wpex-image-hover opacity\"><a href=\"https:\/\/jyvaskeskus.fi\/index.php\/liike\/balisani\/\" title=\"Balisani Parturi (Jyv\u00e4skeskus)\" class=\"portfolio-entry-media-link\"><img decoding=\"async\" loading=\"lazy\" class=\"portfolio-entry-img wpex-align-middle\" src=\"https:\/\/jyvaskeskus.fi\/wp-content\/uploads\/2026\/01\/F3C6571D-071D-44F0-A7FA-A1E6B748BF0F.jpeg\" alt=\"\" width=\"1024\" height=\"1536\" \/><\/a><\/div><\/div><\/div><div class=\"portfolio-entry vcex-grid-item span_1_of_7 col col-2 post-5244 entry type-portfolio has-media cat-27\"><div class=\"portfolio-entry-inner entry-inner wpex-first-mt-0 wpex-last-mb-0 wpex-clr\"><div class=\"portfolio-entry-media entry-media wpex-image-hover opacity\"><a href=\"https:\/\/jyvaskeskus.fi\/index.php\/liike\/candytown\/\" title=\"CandyTown\" class=\"portfolio-entry-media-link\"><img decoding=\"async\" loading=\"lazy\" class=\"portfolio-entry-img wpex-align-middle\" src=\"https:\/\/jyvaskeskus.fi\/wp-content\/uploads\/2022\/10\/CandyTown_logo_horizontal_new-slogan_CMYK_v14-pdf.jpg\" alt=\"\" width=\"1497\" height=\"1058\" \/><\/a><\/div><\/div><\/div><div class=\"portfolio-entry vcex-grid-item span_1_of_7 col col-3 post-5250 entry type-portfolio has-media cat-57\"><div class=\"portfolio-entry-inner entry-inner wpex-first-mt-0 wpex-last-mb-0 wpex-clr\"><div class=\"portfolio-entry-media entry-media wpex-image-hover opacity\"><a href=\"https:\/\/jyvaskeskus.fi\/index.php\/liike\/fantasiapelit\/\" title=\"Fantasiapelit\" class=\"portfolio-entry-media-link\"><img decoding=\"async\" loading=\"lazy\" class=\"portfolio-entry-img wpex-align-middle\" src=\"https:\/\/jyvaskeskus.fi\/wp-content\/uploads\/2022\/10\/fp-logo-isompi-scaled.jpg\" alt=\"\" width=\"2560\" height=\"2560\" \/><\/a><\/div><\/div><\/div><div class=\"portfolio-entry vcex-grid-item span_1_of_7 col col-4 post-5255 entry type-portfolio has-media cat-57\"><div class=\"portfolio-entry-inner entry-inner wpex-first-mt-0 wpex-last-mb-0 wpex-clr\"><div class=\"portfolio-entry-media entry-media wpex-image-hover opacity\"><a href=\"https:\/\/jyvaskeskus.fi\/index.php\/liike\/finnkino\/\" title=\"Finnkino\" class=\"portfolio-entry-media-link\"><img decoding=\"async\" loading=\"lazy\" class=\"portfolio-entry-img wpex-align-middle\" src=\"https:\/\/jyvaskeskus.fi\/wp-content\/uploads\/2022\/10\/fk_liikemerkki_2022_yellow_black.png\" alt=\"\" width=\"2174\" height=\"2174\" \/><\/a><\/div><\/div><\/div><div class=\"portfolio-entry vcex-grid-item span_1_of_7 col col-5 post-5263 entry type-portfolio has-media cat-54\"><div class=\"portfolio-entry-inner entry-inner wpex-first-mt-0 wpex-last-mb-0 wpex-clr\"><div class=\"portfolio-entry-media entry-media wpex-image-hover opacity\"><a href=\"https:\/\/jyvaskeskus.fi\/index.php\/liike\/hammaslaboratorio\/\" title=\"Hammaslaboratorio Ceramics Art Oy \/ Jyv\u00e4skeskuksen Hammashuolto Oy\" class=\"portfolio-entry-media-link\"><img decoding=\"async\" loading=\"lazy\" class=\"portfolio-entry-img wpex-align-middle\" src=\"https:\/\/jyvaskeskus.fi\/wp-content\/uploads\/2022\/10\/cermaiclogo1-pdf.png\" alt=\"\" width=\"7370\" height=\"1701\" \/><\/a><\/div><\/div><\/div><div class=\"portfolio-entry vcex-grid-item span_1_of_7 col col-6 post-5483 entry type-portfolio no-media cat-54\"><div class=\"portfolio-entry-inner entry-inner wpex-first-mt-0 wpex-last-mb-0 wpex-clr\"><\/div><\/div><div class=\"portfolio-entry vcex-grid-item span_1_of_7 col col-7 post-5267 entry type-portfolio has-media cat-36\"><div class=\"portfolio-entry-inner entry-inner wpex-first-mt-0 wpex-last-mb-0 wpex-clr\"><div class=\"portfolio-entry-media entry-media wpex-image-hover opacity\"><a href=\"https:\/\/jyvaskeskus.fi\/index.php\/liike\/hook\/\" title=\"Hook\" class=\"portfolio-entry-media-link\"><img decoding=\"async\" loading=\"lazy\" class=\"portfolio-entry-img wpex-align-middle\" src=\"https:\/\/jyvaskeskus.fi\/wp-content\/uploads\/2022\/10\/Nayttokuva-2022-6-13-kello-9.05.08-1.png\" alt=\"\" width=\"458\" height=\"275\" \/><\/a><\/div><\/div><\/div><div class=\"portfolio-entry vcex-grid-item span_1_of_7 col col-1 post-5278 entry type-portfolio has-media cat-55\"><div class=\"portfolio-entry-inner entry-inner wpex-first-mt-0 wpex-last-mb-0 wpex-clr\"><div class=\"portfolio-entry-media entry-media wpex-image-hover opacity\"><a href=\"https:\/\/jyvaskeskus.fi\/index.php\/liike\/jk-autopesu\/\" title=\"JK-Autopesu Jyv\u00e4skyl\u00e4\" class=\"portfolio-entry-media-link\"><img decoding=\"async\" loading=\"lazy\" class=\"portfolio-entry-img wpex-align-middle\" src=\"https:\/\/jyvaskeskus.fi\/wp-content\/uploads\/2022\/10\/cropped-IMG_20191219_193707_862.png\" alt=\"\" width=\"250\" height=\"250\" \/><\/a><\/div><\/div><\/div><div class=\"portfolio-entry vcex-grid-item span_1_of_7 col col-2 post-5655 entry type-portfolio no-media cat-36\"><div class=\"portfolio-entry-inner entry-inner wpex-first-mt-0 wpex-last-mb-0 wpex-clr\"><\/div><\/div><div class=\"portfolio-entry vcex-grid-item span_1_of_7 col col-3 post-5542 entry type-portfolio has-media cat-31\"><div class=\"portfolio-entry-inner entry-inner wpex-first-mt-0 wpex-last-mb-0 wpex-clr\"><div class=\"portfolio-entry-media entry-media wpex-image-hover opacity\"><a href=\"https:\/\/jyvaskeskus.fi\/index.php\/liike\/kristallilinna\/\" title=\"Kivikauppa Kristallilinna\" class=\"portfolio-entry-media-link\"><img decoding=\"async\" loading=\"lazy\" class=\"portfolio-entry-img wpex-align-middle\" src=\"https:\/\/jyvaskeskus.fi\/wp-content\/uploads\/2024\/05\/20231214_073811.png\" alt=\"\" width=\"901\" height=\"1019\" \/><\/a><\/div><\/div><\/div><div class=\"portfolio-entry vcex-grid-item span_1_of_7 col col-4 post-5458 entry type-portfolio no-media cat-36\"><div class=\"portfolio-entry-inner entry-inner wpex-first-mt-0 wpex-last-mb-0 wpex-clr\"><\/div><\/div><div class=\"portfolio-entry vcex-grid-item span_1_of_7 col col-5 post-5288 entry type-portfolio has-media cat-57\"><div class=\"portfolio-entry-inner entry-inner wpex-first-mt-0 wpex-last-mb-0 wpex-clr\"><div class=\"portfolio-entry-media entry-media wpex-image-hover opacity\"><a href=\"https:\/\/jyvaskeskus.fi\/index.php\/liike\/lelukauppa-partanen\/\" title=\"Lelukauppa Partanen\" class=\"portfolio-entry-media-link\"><img decoding=\"async\" loading=\"lazy\" class=\"portfolio-entry-img wpex-align-middle\" src=\"https:\/\/jyvaskeskus.fi\/wp-content\/uploads\/2022\/10\/partanen-700x196-2.png\" alt=\"\" width=\"300\" height=\"180\" \/><\/a><\/div><\/div><\/div><div class=\"portfolio-entry vcex-grid-item span_1_of_7 col col-6 post-5491 entry type-portfolio no-media cat-36\"><div class=\"portfolio-entry-inner entry-inner wpex-first-mt-0 wpex-last-mb-0 wpex-clr\"><\/div><\/div><div class=\"portfolio-entry vcex-grid-item span_1_of_7 col col-7 post-5294 entry type-portfolio has-media cat-36\"><div class=\"portfolio-entry-inner entry-inner wpex-first-mt-0 wpex-last-mb-0 wpex-clr\"><div class=\"portfolio-entry-media entry-media wpex-image-hover opacity\"><a href=\"https:\/\/jyvaskeskus.fi\/index.php\/liike\/mcdonalds\/\" title=\"McDonald`s Jyv\u00e4skeskus\" class=\"portfolio-entry-media-link\"><img decoding=\"async\" loading=\"lazy\" class=\"portfolio-entry-img wpex-align-middle\" src=\"https:\/\/jyvaskeskus.fi\/wp-content\/uploads\/2022\/10\/Greenlogo-1.png\" alt=\"\" width=\"243\" height=\"146\" \/><\/a><\/div><\/div><\/div><div class=\"portfolio-entry vcex-grid-item span_1_of_7 col col-1 post-5302 entry type-portfolio has-media cat-57\"><div class=\"portfolio-entry-inner entry-inner wpex-first-mt-0 wpex-last-mb-0 wpex-clr\"><div class=\"portfolio-entry-media entry-media wpex-image-hover opacity\"><a href=\"https:\/\/jyvaskeskus.fi\/index.php\/liike\/mysteeri\/\" title=\"Mysteeri\" class=\"portfolio-entry-media-link\"><img decoding=\"async\" loading=\"lazy\" class=\"portfolio-entry-img wpex-align-middle\" src=\"https:\/\/jyvaskeskus.fi\/wp-content\/uploads\/2022\/10\/300x300-vektoroitu-reverse-pienennetty-1.png\" alt=\"\" width=\"374\" height=\"224\" \/><\/a><\/div><\/div><\/div><div class=\"portfolio-entry vcex-grid-item span_1_of_7 col col-2 post-5307 entry type-portfolio has-media cat-31\"><div class=\"portfolio-entry-inner entry-inner wpex-first-mt-0 wpex-last-mb-0 wpex-clr\"><div class=\"portfolio-entry-media entry-media wpex-image-hover opacity\"><a href=\"https:\/\/jyvaskeskus.fi\/index.php\/liike\/new-yorker\/\" title=\"New Yorker\" class=\"portfolio-entry-media-link\"><img decoding=\"async\" loading=\"lazy\" class=\"portfolio-entry-img wpex-align-middle\" src=\"https:\/\/jyvaskeskus.fi\/wp-content\/uploads\/2022\/10\/New-Yorker-logo-D4D04157.jpg\" alt=\"\" width=\"1500\" height=\"1000\" \/><\/a><\/div><\/div><\/div><div class=\"portfolio-entry vcex-grid-item span_1_of_7 col col-3 post-5120 entry type-portfolio has-media cat-54\"><div class=\"portfolio-entry-inner entry-inner wpex-first-mt-0 wpex-last-mb-0 wpex-clr\"><div class=\"portfolio-entry-media entry-media wpex-image-hover opacity\"><a href=\"https:\/\/jyvaskeskus.fi\/index.php\/liike\/puhti\/\" title=\"Puhti\" class=\"portfolio-entry-media-link\"><img decoding=\"async\" loading=\"lazy\" class=\"portfolio-entry-img wpex-align-middle\" src=\"https:\/\/jyvaskeskus.fi\/wp-content\/uploads\/2021\/04\/Kehonmittaus-1200x400-px-2.png\" alt=\"\" width=\"1200\" height=\"400\" \/><\/a><\/div><\/div><\/div><div class=\"portfolio-entry vcex-grid-item span_1_of_7 col col-4 post-5314 entry type-portfolio has-media cat-55\"><div class=\"portfolio-entry-inner entry-inner wpex-first-mt-0 wpex-last-mb-0 wpex-clr\"><div class=\"portfolio-entry-media entry-media wpex-image-hover opacity\"><a href=\"https:\/\/jyvaskeskus.fi\/index.php\/liike\/securitas\/\" title=\"Securitas\" class=\"portfolio-entry-media-link\"><img decoding=\"async\" loading=\"lazy\" class=\"portfolio-entry-img wpex-align-middle\" src=\"https:\/\/jyvaskeskus.fi\/wp-content\/uploads\/2022\/10\/securitas-logo-dark-852992a1bc253bb46f4052172a34825da2f0.webp\" alt=\"\" width=\"400\" height=\"250\" \/><\/a><\/div><\/div><\/div><div class=\"portfolio-entry vcex-grid-item span_1_of_7 col col-5 post-5630 entry type-portfolio has-media cat-31\"><div class=\"portfolio-entry-inner entry-inner wpex-first-mt-0 wpex-last-mb-0 wpex-clr\"><div class=\"portfolio-entry-media entry-media wpex-image-hover opacity\"><a href=\"https:\/\/jyvaskeskus.fi\/index.php\/liike\/pilke\/\" title=\"Sillm\u00e4sairaala Pilke\" class=\"portfolio-entry-media-link\"><img decoding=\"async\" loading=\"lazy\" class=\"portfolio-entry-img wpex-align-middle\" src=\"https:\/\/jyvaskeskus.fi\/wp-content\/uploads\/2024\/11\/Pilke_Original_v2.png\" alt=\"\" width=\"851\" height=\"851\" \/><\/a><\/div><\/div><\/div><\/div><\/div>[\/vc_column][\/vc_row][vc_row column_spacing=&#8221;40&#8243; disable_element=&#8221;yes&#8221; bg_style=&#8221;stretch&#8221; css=&#8221;.vc_custom_1619630331399{padding-top: 40px !important;padding-bottom: 10px !important;}&#8221;][vc_column]<h2 class=\"vcex-module vcex-heading wpex-text-2xl wpex-font-normal wpex-m-auto wpex-max-w-100 vcex-heading-plain wpex-block wpex-text-center vc_custom_1604257007902\" style=\"font-size:4em;font-weight:400;\"><span class=\"vcex-heading-inner wpex-inline-block wpex-clr\">Liikkeiden tarjoukset<\/span><\/h2>[vc_column_text text_align=&#8221;center&#8221; font_weight=&#8221;300&#8243; color=&#8221;#777777&#8243; font_size=&#8221;18px&#8221;]L\u00f6yd\u00e4t t\u00e4st\u00e4 liikkeiden ja ravintoloiden viimeisimm\u00e4t tarjoukset[\/vc_column_text][\/vc_column][\/vc_row][vc_row disable_element=&#8221;yes&#8221; bg_style=&#8221;stretch&#8221; css=&#8221;.vc_custom_1604231167866{padding-top: 40px !important;}&#8221;][vc_column width=&#8221;1\/3&#8243; bg_style=&#8221;stretch&#8221; padding_top=&#8221;20px&#8221; padding_bottom=&#8221;20px&#8221; padding_left=&#8221;20px&#8221; padding_right=&#8221;20px&#8221;]<div class=\"vcex-module vcex-icon-box vcex-icon-box-two wpex-relative wpex-text-center\"><div class=\"vcex-icon-box-symbol wpex-mb-20\"><div class=\"vcex-icon-box-icon wpex-inline-block wpex-child-inherit-color wpex-text-center wpex-leading-none\" style=\"color:#555555;font-size:21px;border-radius:50%;background:#eeeeee;width:60px;height:60px;line-height:60px;\"><span class=\"ticon ticon-dollar\" aria-hidden=\"true\"><\/span><\/div><\/div><div class=\"vcex-icon-box-text\"><h3 class=\"vcex-icon-box-heading wpex-heading wpex-text-md wpex-mb-10\" style=\"font-size:16px;\">Pre-sell Questions?<\/h3><div class=\"vcex-icon-box-content wpex-last-mb-0 wpex-clr\"><p>Have a question? Just ask! Leave us a comment with your question and we&#8217;ll answer just as soon as we can.<\/p>\n<\/div><\/div><\/div><div class=\"textcenter theme-button-wrap wpex-clr\"><a href=\"http:\/\/themeforest.net\/item\/total-responsive-multipurpose-wordpress-theme\/6339019?ref=WPExplorer\" title=\"Ask Question\" class=\"vcex-button theme-button clean blue small align-center inline\" target=\"_blank\" rel=\"noopener noreferrer\"><span class=\"theme-button-inner\">Ask Question<\/span><\/a><\/div> [\/vc_column][vc_column width=&#8221;1\/3&#8243; bg_style=&#8221;stretch&#8221; padding_top=&#8221;20px&#8221; padding_bottom=&#8221;20px&#8221; padding_left=&#8221;20px&#8221; padding_right=&#8221;20px&#8221;]<div class=\"vcex-module vcex-icon-box vcex-icon-box-two wpex-relative wpex-text-center\"><div class=\"vcex-icon-box-symbol wpex-mb-20\"><div class=\"vcex-icon-box-icon wpex-inline-block wpex-child-inherit-color wpex-text-center wpex-leading-none\" style=\"color:#555555;font-size:21px;border-radius:50%;background:#eeeeee;width:60px;height:60px;line-height:60px;\"><span class=\"ticon ticon-thumbs-up\" aria-hidden=\"true\"><\/span><\/div><\/div><div class=\"vcex-icon-box-text\"><h3 class=\"vcex-icon-box-heading wpex-heading wpex-text-md wpex-mb-10\" style=\"font-size:16px;\">Suggestions?<\/h3><div class=\"vcex-icon-box-content wpex-last-mb-0 wpex-clr\"><p>We welcome any and all suggestions, so leave us a comment and we will consider it for a future update.<\/p>\n<\/div><\/div><\/div><div class=\"textcenter theme-button-wrap wpex-clr\"><a href=\"http:\/\/themeforest.net\/item\/total-responsive-multipurpose-wordpress-theme\/6339019?ref=WPExplorer\" title=\"Submit Suggestion\" class=\"vcex-button theme-button clean blue small align-center inline\" target=\"_blank\" rel=\"noopener noreferrer\"><span class=\"theme-button-inner\">Submit Suggestion<\/span><\/a><\/div> [\/vc_column][vc_column width=&#8221;1\/3&#8243; bg_style=&#8221;stretch&#8221; padding_top=&#8221;20px&#8221; padding_bottom=&#8221;20px&#8221; padding_left=&#8221;20px&#8221; padding_right=&#8221;20px&#8221;]<div class=\"vcex-module vcex-icon-box vcex-icon-box-two wpex-relative wpex-text-center\"><div class=\"vcex-icon-box-symbol wpex-mb-20\"><div class=\"vcex-icon-box-icon wpex-inline-block wpex-child-inherit-color wpex-text-center wpex-leading-none\" style=\"color:#555555;font-size:21px;border-radius:50%;background:#eeeeee;width:60px;height:60px;line-height:60px;\"><span class=\"ticon ticon-question\" aria-hidden=\"true\"><\/span><\/div><\/div><div class=\"vcex-icon-box-text\"><h3 class=\"vcex-icon-box-heading wpex-heading wpex-text-md wpex-mb-10\" style=\"font-size:16px;\">Need Support?<\/h3><div class=\"vcex-icon-box-content wpex-last-mb-0 wpex-clr\"><p>If you find a bug to issue with the theme we want to know about it. Send us a message so we can fix it asap.<\/p>\n<\/div><\/div><\/div><div class=\"textcenter theme-button-wrap wpex-clr\"><a href=\"http:\/\/wpexplorer-themes.com\/support\/\" title=\"Open a Ticket\" class=\"vcex-button theme-button clean blue small align-center inline\" target=\"_blank\" rel=\"noopener noreferrer\"><span class=\"theme-button-inner\">Open a Ticket<\/span><\/a><\/div> [\/vc_column][\/vc_row]\n","protected":false},"excerpt":{"rendered":"<p>[vc_row full_width=&#8221;stretch_row_content_no_spaces&#8221; wpex_bg_overlay=&#8221;dark&#8221; css=&#8221;.vc_custom_1664742775580{padding-top: 140px !important;padding-bottom: 110px !important;background-image: url(https:\/\/siirto.jyvaskeskus.fi\/wp-content\/uploads\/2022\/10\/284086301_599182837835041_434076087417581680_n.jpg?id=5148) !important;background-position: center !important;background-repeat: no-repeat !important;background-size: cover !important;}&#8221; wpex_bg_overlay_color=&#8221;#b71671&#8243; wpex_bg_position=&#8221;center&#8221; wpex_bg_overlay_opacity=&#8221;0.8&#8243;][vc_column][\/vc_column][\/vc_row][vc_row full_width=&#8221;stretch_row&#8221; bg_style=&#8221;stretch&#8221; css=&#8221;.vc_custom_1604257584281{border-top-width: 1px !important;border-bottom-width: 1px !important;padding-top: 60px !important;padding-bottom: 20px !important;background-color: #f5f5f5 !important;border-top-color: #f5f5f5 !important;border-top-style: solid !important;border-bottom-color: #f5f5f5 !important;border-bottom-style: solid !important;}&#8221;&hellip;<\/p>\n","protected":false},"author":1,"featured_media":0,"parent":0,"menu_order":0,"comment_status":"closed","ping_status":"closed","template":"","meta":{"footnotes":""},"class_list":["post-839","page","type-page","status-publish","hentry","entry","has-media"],"pp_force_visibility":null,"pp_subpost_visibility":null,"pp_inherited_force_visibility":null,"pp_inherited_subpost_visibility":null,"_links":{"self":[{"href":"https:\/\/jyvaskeskus.fi\/index.php\/wp-json\/wp\/v2\/pages\/839","targetHints":{"allow":["GET"]}}],"collection":[{"href":"https:\/\/jyvaskeskus.fi\/index.php\/wp-json\/wp\/v2\/pages"}],"about":[{"href":"https:\/\/jyvaskeskus.fi\/index.php\/wp-json\/wp\/v2\/types\/page"}],"author":[{"embeddable":true,"href":"https:\/\/jyvaskeskus.fi\/index.php\/wp-json\/wp\/v2\/users\/1"}],"replies":[{"embeddable":true,"href":"https:\/\/jyvaskeskus.fi\/index.php\/wp-json\/wp\/v2\/comments?post=839"}],"version-history":[{"count":56,"href":"https:\/\/jyvaskeskus.fi\/index.php\/wp-json\/wp\/v2\/pages\/839\/revisions"}],"predecessor-version":[{"id":5642,"href":"https:\/\/jyvaskeskus.fi\/index.php\/wp-json\/wp\/v2\/pages\/839\/revisions\/5642"}],"wp:attachment":[{"href":"https:\/\/jyvaskeskus.fi\/index.php\/wp-json\/wp\/v2\/media?parent=839"}],"curies":[{"name":"wp","href":"https:\/\/api.w.org\/{rel}","templated":true}]}}